{"id":2398,"date":"2020-04-26T09:43:08","date_gmt":"2020-04-26T09:43:08","guid":{"rendered":"https:\/\/dev.maksimum.ee\/avaleht\/"},"modified":"2023-07-09T10:04:26","modified_gmt":"2023-07-09T10:04:26","slug":"glavnaja","status":"publish","type":"page","link":"http:\/\/dev.maksimum.ee\/ru\/","title":{"rendered":"\u0421\u043e\u0437\u0434\u0430\u043d\u0438\u0435 \u0441\u0430\u0439\u0442\u043e\u0432 \u0438 \u0438\u043d\u0442\u0435\u0440\u043d\u0435\u0442-\u043c\u0430\u0433\u0430\u0437\u0438\u043d\u043e\u0432"},"content":{"rendered":"<div class=\"b-block pad-t-60 pad-b-90\"><div class=\"b-part p-hero02 container-p0\"><div class=\"p-hero02__inner\"><div class=\"p-hero02__left\"><h1 class=\"p-hero02__title\">V\u00f5ta endale vinge <strong>digilahendus<\/strong><\/h1><div class=\"p-hero02__subtitle\"><p>Maksimum on t\u00f5en\u00e4oliselt ainuke Eestis tegutsev disainistuudio, kelle juures tippklassi kodulehe tegemine maksab v\u00e4hem kui teiste IT-firmade poolt valmisdisainile koostatud veebileht.<\/p>\n<\/div><div class=\"p-hero02__buttons\"><a class=\" btn btn-primary\" href=\"https:\/\/dev.maksimum.ee\/tehtud-tood\/\" target=\"\">Tehtud t\u00f6\u00f6d<\/a><a class=\" btn btn-outline-light\" href=\"https:\/\/dev.maksimum.ee\/teenused\/\" target=\"\">Teenused<\/a><\/div><\/div><\/div><\/div><\/div><div class=\"b-block pad-t-60 pad-b-60 bg-white\"><div class=\"b-part p-logos container-p0 text-center\"><span class=\"p-logos__title\">Meid usaldavad edukad kliendid ja partnerid<\/span><div class=\"p-logos__row\"><div class=\"p-logos__item col-4 col-md-2\"><img loading=\"lazy\" decoding=\"async\" width=\"90\" height=\"65\" src=\"http:\/\/dev.maksimum.ee\/wp-content\/uploads\/2020\/03\/jktulevik.svg\" class=\"p-logos__logo\" alt=\"\" \/><\/div><div class=\"p-logos__item col-4 col-md-2\"><img loading=\"lazy\" decoding=\"async\" width=\"120\" height=\"63\" src=\"http:\/\/dev.maksimum.ee\/wp-content\/uploads\/2020\/03\/LukuCentrum.svg\" class=\"p-logos__logo\" alt=\"\" \/><\/div><a class=\"p-logos__item col-4 col-md-2\" href=\"#\" target=\"\" title=\"Lingiga\"><img loading=\"lazy\" decoding=\"async\" width=\"140\" height=\"19\" src=\"http:\/\/dev.maksimum.ee\/wp-content\/uploads\/2020\/03\/assa-abloy.svg\" class=\"p-logos__logo\" alt=\"\" \/><\/a><div class=\"p-logos__item col-4 col-md-2\"><img loading=\"lazy\" decoding=\"async\" width=\"70\" height=\"70\" src=\"http:\/\/dev.maksimum.ee\/wp-content\/uploads\/2020\/03\/jktammeka.svg\" class=\"p-logos__logo\" alt=\"\" \/><\/div><div class=\"p-logos__item col-4 col-md-2\"><img loading=\"lazy\" decoding=\"async\" width=\"140\" height=\"30\" src=\"http:\/\/dev.maksimum.ee\/wp-content\/uploads\/2020\/03\/domus-kinnisvara-logo.svg\" class=\"p-logos__logo\" alt=\"\" \/><\/div><div class=\"p-logos__item col-4 col-md-2\"><\/div><\/div><\/div><\/div><div class=\"b-block pad-t-30 pad-b-60 bg-white\"><div class=\"b-part p-emphasis container-p0 text-white bg-gradient\">Maksimum tegeleb veebilahenduste loomisega aastast 2011. M\u00f5ned meie spetsialistid omavad veebiprojektide arendamise kogemust enam kui 15 aastat.<\/div><\/div><div class=\"b-block pad-t-60 pad-b-60\"><div class=\"b-part p-txtmedia container-p0 p-txtmedia--reverse\"><div class=\"col-12 col-md-6 col-lg-6 col-xl-6 p-txtmedia__content order-last order-md-0 p-txtmedia__content order-last order-md-1\"><span class=\"p-txtmedia__subtitle text-primary font-weight-medium\">Kodulehe tegemine<\/span><h3 class=\"p-txtmedia__title font-weight-medium\">Tippklassi koduleht soodsamalt <\/h3><div class=\"p-txtmedia__txt editor-content\"><p>Meilt saad unikaalse kujundusega ja garanteeritud kvaliteediga kodulehte soodsamalt kui teistelt sama klassi tegijatelt.<\/p>\n<\/div><a class=\"p-txtmedia__button btn btn-outline-light\" href=\"https:\/\/dev.maksimum.ee\/kodulehe-tegemine\/\" target=\"\">Tutvu teenusega<\/a><\/div><\/div><div class=\"b-part p-txtmedia container-p0\"><div class=\"col-12 col-md-6 col-lg-6 col-xl-6 p-txtmedia__content order-last order-md-0\"><span class=\"p-txtmedia__subtitle text-primary font-weight-medium\">Br\u00e4nding, firmastiil ja tr\u00fckiste kujundamine<\/span><h3 class=\"p-txtmedia__title font-weight-medium\">Graafiline disain<\/h3><div class=\"p-txtmedia__txt editor-content\"><p>Firmastiil, reklaamtr\u00fckised, sisereklaam, v\u00e4lireklaam, reklaam s\u00f5idukitel ja praktiliselt k\u00f5ik muu mis vajab kujundamist.<\/p>\n<\/div><a class=\"p-txtmedia__button btn btn-outline-light\" href=\"https:\/\/dev.maksimum.ee\/graafiline-disain\/\" target=\"\">Vaata l\u00e4hemalt<\/a><\/div><\/div><div class=\"b-part p-txtmedia container-p0 p-txtmedia--reverse\"><div class=\"col-12 col-md-6 col-lg-6 col-xl-6 p-txtmedia__content order-last order-md-0 p-txtmedia__content order-last order-md-1\"><span class=\"p-txtmedia__subtitle text-primary font-weight-medium\">Fototeenused<\/span><h3 class=\"p-txtmedia__title font-weight-medium\">Fotosessioonid, aerofoto ja erinevate s\u00fcndmuste pildistamine<\/h3><div class=\"p-txtmedia__txt editor-content\"><div class=\"p-txtmedia__txt editor-content\">\n<p>Fotosessioon kliendi kodus v\u00f5i looduses, pulmafoto, firma\u00fcrituste pildistamine, t\u00fcdrukute- ja poissmeeste\u00f5htud, peod koolides ja lasteaedades, spordis\u00fcndmused ja muud \u00fcritused.<\/p>\n<p><strong>Kirjelda oma soovid ja k\u00fcsi personaalset pakkumist.<\/strong><\/p>\n<\/div>\n<\/div><a class=\"p-txtmedia__button btn btn-outline-light\" href=\"https:\/\/dev.maksimum.ee\/foto\/\" target=\"\">Vaata l\u00e4hemalt<\/a><\/div><\/div><\/div><div class=\"b-block pad-t-60 pad-b-60\"><h2 class='b-part p-title container-p0'>Hiljuti tehtud t\u00f6\u00f6d<\/h2><div class=\"c-projects\"><div class=\"container-p0\"><div class=\"c-projects__grid row\">\t\t\t\t\t\n\t\t\t\t\t<div class=\"c-project\"><a class=\"c-project__link\" href=\"http:\/\/dev.maksimum.ee\/ru\/projekt\/reval-sport-tours\/\"><div class=\"c-project__thumbnail\"><img loading=\"lazy\" decoding=\"async\" width=\"705\" height=\"470\" src=\"http:\/\/dev.maksimum.ee\/wp-content\/uploads\/2020\/04\/revalsporttours-screen-705x470.jpg\" class=\"attachment-img-705x470 size-img-705x470\" alt=\"\" \/><div class=\"c-project__thumb-overlay\"><div class=\"overlay-content text-center\"><svg xmlns=\"http:\/\/www.w3.org\/2000\/svg\" width=\"40\" height=\"40\" viewBox=\"0 0 40 40\"><g transform=\"translate(-1651 -3978)\"><circle cx=\"20\" cy=\"20\" r=\"20\" transform=\"translate(1651 3978)\" fill=\"#fff\"\/><path d=\"M18,0,8.943,8.943,0,0\" transform=\"translate(1667.968 4007.032) rotate(-90)\" fill=\"none\" stroke=\"#df1d40\" stroke-linecap=\"round\" stroke-linejoin=\"round\" stroke-miterlimit=\"10\" stroke-width=\"2\"\/><\/g><\/svg><span>\u0414\u0435\u0442\u0430\u043b\u0438 \u043f\u0440\u043e\u0435\u043a\u0442\u0430<\/span><\/div><\/div><\/div><h5 class=\"c-project__title\">Reval Sport Tours<\/h5><span>\u0424\u0438\u0440\u043c\u0435\u043d\u043d\u044b\u0439 \u0441\u0442\u0438\u043b\u044c, \u0413\u0440\u0430\u0444\u0438\u0447\u0435\u0441\u043a\u0438\u0439 \u0434\u0438\u0437\u0430\u0439\u043d, HTML\/CSS, \u041b\u043e\u0433\u043e, \u0412\u0435\u0431-\u0434\u0438\u0437\u0430\u0439\u043d, WordPress<\/span><\/a><\/div>\t\t\t\t\t\t\t\t\t\n\t\t\t\t\t<div class=\"c-project\"><a class=\"c-project__link\" href=\"http:\/\/dev.maksimum.ee\/ru\/projekt\/tartu-santos-cup\/\"><div class=\"c-project__thumbnail\"><img loading=\"lazy\" decoding=\"async\" width=\"705\" height=\"470\" src=\"http:\/\/dev.maksimum.ee\/wp-content\/uploads\/2020\/03\/santoscup-screen-705x470.jpg\" class=\"attachment-img-705x470 size-img-705x470\" alt=\"\" \/><div class=\"c-project__thumb-overlay\"><div class=\"overlay-content text-center\"><svg xmlns=\"http:\/\/www.w3.org\/2000\/svg\" width=\"40\" height=\"40\" viewBox=\"0 0 40 40\"><g transform=\"translate(-1651 -3978)\"><circle cx=\"20\" cy=\"20\" r=\"20\" transform=\"translate(1651 3978)\" fill=\"#fff\"\/><path d=\"M18,0,8.943,8.943,0,0\" transform=\"translate(1667.968 4007.032) rotate(-90)\" fill=\"none\" stroke=\"#df1d40\" stroke-linecap=\"round\" stroke-linejoin=\"round\" stroke-miterlimit=\"10\" stroke-width=\"2\"\/><\/g><\/svg><span>\u0414\u0435\u0442\u0430\u043b\u0438 \u043f\u0440\u043e\u0435\u043a\u0442\u0430<\/span><\/div><\/div><\/div><h5 class=\"c-project__title\">Tartu Santos Cup<\/h5><span>HTML\/CSS, \u0412\u0435\u0431-\u0434\u0438\u0437\u0430\u0439\u043d, WordPress<\/span><\/a><\/div>\t\t\t\t\t\t\t\t\t\n\t\t\t\t\t<div class=\"c-project\"><a class=\"c-project__link\" href=\"http:\/\/dev.maksimum.ee\/ru\/?post_type=projekt&#038;p=2497\"><div class=\"c-project__thumbnail\"><img loading=\"lazy\" decoding=\"async\" width=\"705\" height=\"470\" src=\"http:\/\/dev.maksimum.ee\/wp-content\/uploads\/2020\/03\/raadi-jalgpallipark-screen-desktop-705x470.jpg\" class=\"attachment-img-705x470 size-img-705x470\" alt=\"\" \/><div class=\"c-project__thumb-overlay\"><div class=\"overlay-content text-center\"><svg xmlns=\"http:\/\/www.w3.org\/2000\/svg\" width=\"40\" height=\"40\" viewBox=\"0 0 40 40\"><g transform=\"translate(-1651 -3978)\"><circle cx=\"20\" cy=\"20\" r=\"20\" transform=\"translate(1651 3978)\" fill=\"#fff\"\/><path d=\"M18,0,8.943,8.943,0,0\" transform=\"translate(1667.968 4007.032) rotate(-90)\" fill=\"none\" stroke=\"#df1d40\" stroke-linecap=\"round\" stroke-linejoin=\"round\" stroke-miterlimit=\"10\" stroke-width=\"2\"\/><\/g><\/svg><span>\u0414\u0435\u0442\u0430\u043b\u0438 \u043f\u0440\u043e\u0435\u043a\u0442\u0430<\/span><\/div><\/div><\/div><h5 class=\"c-project__title\">Raadi Roheline Jalgpallipark<\/h5><span>\u0424\u043e\u0442\u043e, \u0413\u0440\u0430\u0444\u0438\u0447\u0435\u0441\u043a\u0438\u0439 \u0434\u0438\u0437\u0430\u0439\u043d, \u0412\u0435\u0431-\u0434\u0438\u0437\u0430\u0439\u043d<\/span><\/a><\/div>\t\t\t\t\t\t\t\t\t\n\t\t\t\t\t<div class=\"c-project\"><a class=\"c-project__link\" href=\"http:\/\/dev.maksimum.ee\/ru\/projekt\/uksed24-e-magazin\/\"><div class=\"c-project__thumbnail\"><img loading=\"lazy\" decoding=\"async\" width=\"705\" height=\"470\" src=\"http:\/\/dev.maksimum.ee\/wp-content\/uploads\/2020\/03\/uksed24-screen-desktop-705x470.jpg\" class=\"attachment-img-705x470 size-img-705x470\" alt=\"\" \/><div class=\"c-project__thumb-overlay\"><div class=\"overlay-content text-center\"><svg xmlns=\"http:\/\/www.w3.org\/2000\/svg\" width=\"40\" height=\"40\" viewBox=\"0 0 40 40\"><g transform=\"translate(-1651 -3978)\"><circle cx=\"20\" cy=\"20\" r=\"20\" transform=\"translate(1651 3978)\" fill=\"#fff\"\/><path d=\"M18,0,8.943,8.943,0,0\" transform=\"translate(1667.968 4007.032) rotate(-90)\" fill=\"none\" stroke=\"#df1d40\" stroke-linecap=\"round\" stroke-linejoin=\"round\" stroke-miterlimit=\"10\" stroke-width=\"2\"\/><\/g><\/svg><span>\u0414\u0435\u0442\u0430\u043b\u0438 \u043f\u0440\u043e\u0435\u043a\u0442\u0430<\/span><\/div><\/div><\/div><h5 class=\"c-project__title\">Uksed24 \u044d-\u043c\u0430\u0433\u0430\u0437\u0438\u043d<\/h5><span>\u0412\u0435\u0431-\u0434\u0438\u0437\u0430\u0439\u043d<\/span><\/a><\/div>\t\t\t\t\t\t\t\t\t\n\t\t\t\t\t<div class=\"c-project\"><a class=\"c-project__link\" href=\"http:\/\/dev.maksimum.ee\/ru\/projekt\/premium-liiga-2019\/\"><div class=\"c-project__thumbnail\"><img loading=\"lazy\" decoding=\"async\" width=\"705\" height=\"470\" src=\"http:\/\/dev.maksimum.ee\/wp-content\/uploads\/2020\/03\/premiumliiga-screen-vassiljev-705x470.jpg\" class=\"attachment-img-705x470 size-img-705x470\" alt=\"\" \/><div class=\"c-project__thumb-overlay\"><div class=\"overlay-content text-center\"><svg xmlns=\"http:\/\/www.w3.org\/2000\/svg\" width=\"40\" height=\"40\" viewBox=\"0 0 40 40\"><g transform=\"translate(-1651 -3978)\"><circle cx=\"20\" cy=\"20\" r=\"20\" transform=\"translate(1651 3978)\" fill=\"#fff\"\/><path d=\"M18,0,8.943,8.943,0,0\" transform=\"translate(1667.968 4007.032) rotate(-90)\" fill=\"none\" stroke=\"#df1d40\" stroke-linecap=\"round\" stroke-linejoin=\"round\" stroke-miterlimit=\"10\" stroke-width=\"2\"\/><\/g><\/svg><span>\u0414\u0435\u0442\u0430\u043b\u0438 \u043f\u0440\u043e\u0435\u043a\u0442\u0430<\/span><\/div><\/div><\/div><h5 class=\"c-project__title\">Premium Liiga 2019<\/h5><span>\u0413\u0440\u0430\u0444\u0438\u0447\u0435\u0441\u043a\u0438\u0439 \u0434\u0438\u0437\u0430\u0439\u043d<\/span><\/a><\/div>\t\t\t\t\t\t\t\t\t\n\t\t\t\t\t<div class=\"c-project\"><a class=\"c-project__link\" href=\"http:\/\/dev.maksimum.ee\/ru\/projekt\/viljandi-jk-tulevik\/\"><div class=\"c-project__thumbnail\"><img loading=\"lazy\" decoding=\"async\" width=\"705\" height=\"470\" src=\"http:\/\/dev.maksimum.ee\/wp-content\/uploads\/2022\/06\/jktulevik-kodulehe-tegemine-2019-705x470.png\" class=\"attachment-img-705x470 size-img-705x470\" alt=\"JK Tulevik kodulehe tegemine\" \/><div class=\"c-project__thumb-overlay\"><div class=\"overlay-content text-center\"><svg xmlns=\"http:\/\/www.w3.org\/2000\/svg\" width=\"40\" height=\"40\" viewBox=\"0 0 40 40\"><g transform=\"translate(-1651 -3978)\"><circle cx=\"20\" cy=\"20\" r=\"20\" transform=\"translate(1651 3978)\" fill=\"#fff\"\/><path d=\"M18,0,8.943,8.943,0,0\" transform=\"translate(1667.968 4007.032) rotate(-90)\" fill=\"none\" stroke=\"#df1d40\" stroke-linecap=\"round\" stroke-linejoin=\"round\" stroke-miterlimit=\"10\" stroke-width=\"2\"\/><\/g><\/svg><span>\u0414\u0435\u0442\u0430\u043b\u0438 \u043f\u0440\u043e\u0435\u043a\u0442\u0430<\/span><\/div><\/div><\/div><h5 class=\"c-project__title\">Viljandi JK Tulevik<\/h5><span>HTML\/CSS, \u041b\u043e\u0433\u043e, \u0412\u0435\u0431-\u0434\u0438\u0437\u0430\u0439\u043d, WordPress<\/span><\/a><\/div>\t\t\t\t<\/div><\/div><\/div>\n\n\n<div class=\"b-part p-btn container text-center\"><a class=\"btn btn-primary\" href=\"https:\/\/dev.maksimum.ee\/tehtud-tood\/\" target=\"\">Vaata rohkem t\u00f6id<\/a><\/div><\/div>","protected":false},"excerpt":{"rendered":"","protected":false},"author":1,"featured_media":0,"parent":0,"menu_order":3,"comment_status":"closed","ping_status":"closed","template":"","meta":{"_acf_changed":false,"inline_featured_image":false,"footnotes":""},"acf":[],"_links":{"self":[{"href":"http:\/\/dev.maksimum.ee\/ru\/wp-json\/wp\/v2\/pages\/2398"}],"collection":[{"href":"http:\/\/dev.maksimum.ee\/ru\/wp-json\/wp\/v2\/pages"}],"about":[{"href":"http:\/\/dev.maksimum.ee\/ru\/wp-json\/wp\/v2\/types\/page"}],"author":[{"embeddable":true,"href":"http:\/\/dev.maksimum.ee\/ru\/wp-json\/wp\/v2\/users\/1"}],"replies":[{"embeddable":true,"href":"http:\/\/dev.maksimum.ee\/ru\/wp-json\/wp\/v2\/comments?post=2398"}],"version-history":[{"count":5,"href":"http:\/\/dev.maksimum.ee\/ru\/wp-json\/wp\/v2\/pages\/2398\/revisions"}],"predecessor-version":[{"id":3972,"href":"http:\/\/dev.maksimum.ee\/ru\/wp-json\/wp\/v2\/pages\/2398\/revisions\/3972"}],"wp:attachment":[{"href":"http:\/\/dev.maksimum.ee\/ru\/wp-json\/wp\/v2\/media?parent=2398"}],"curies":[{"name":"wp","href":"https:\/\/api.w.org\/{rel}","templated":true}]}}